{"id":3643,"date":"2024-02-09T13:00:53","date_gmt":"2024-02-09T13:00:53","guid":{"rendered":"https:\/\/nasika.es\/kontakt\/"},"modified":"2024-02-09T13:14:23","modified_gmt":"2024-02-09T13:14:23","slug":"kontakt","status":"publish","type":"page","link":"https:\/\/nasika.es\/de\/kontakt\/","title":{"rendered":"Kontakt"},"content":{"rendered":"<p>[et_pb_section fb_built=&#8220;1&#8243; admin_label=&#8220;Formulario&#8220; _builder_version=&#8220;4.22.2&#8243; _module_preset=&#8220;default&#8220; custom_padding=&#8220;||4px|||&#8220; collapsed=&#8220;off&#8220; global_colors_info=&#8220;{}&#8220;][et_pb_row column_structure=&#8220;1_2,1_2&#8243; admin_label=&#8220;Daten und Formular&#8220; _builder_version=&#8220;4.22.2&#8243; _module_preset=&#8220;default&#8220; custom_padding=&#8220;||2px|||&#8220; global_colors_info=&#8220;{}&#8220;][et_pb_column type=&#8220;1_2&#8243; _builder_version=&#8220;4.22.2&#8243; _module_preset=&#8220;default&#8220; global_colors_info=&#8220;{}&#8220;][et_pb_heading title=&#8220;Kontaktinformationen und Standort&#8220; admin_label=&#8220;Datos de contacto y localizaci\u00f3n&#8220; _builder_version=&#8220;4.24.0&#8243; _module_preset=&#8220;default&#8220; title_level=&#8220;h2&#8243; title_font=&#8220;|600|||||||&#8220; title_text_align=&#8220;left&#8220; title_font_size=&#8220;29px&#8220; locked=&#8220;off&#8220; global_colors_info=&#8220;{}&#8220;][\/et_pb_heading][et_pb_divider _builder_version=&#8220;4.24.0&#8243; _module_preset=&#8220;default&#8220; width=&#8220;37%&#8220; max_width=&#8220;37%&#8220; custom_margin=&#8220;||2px|||&#8220; global_colors_info=&#8220;{}&#8220;][\/et_pb_divider][et_pb_text _builder_version=&#8220;4.24.0&#8243; _module_preset=&#8220;default&#8220; text_text_color=&#8220;#2b53a1&#8243; custom_margin=&#8220;7px||30px|||&#8220; custom_padding=&#8220;8px|||||&#8220; global_colors_info=&#8220;{}&#8220;]<\/p>\n<h4><strong>NASIKA PRODUCTS, S.A.U.<\/strong><\/h4>\n<p>[\/et_pb_text][et_pb_text _builder_version=&#8220;4.24.0&#8243; _module_preset=&#8220;default&#8220; text_font_size=&#8220;15px&#8220; hover_enabled=&#8220;0&#8243; global_colors_info=&#8220;{}&#8220; sticky_enabled=&#8220;0&#8243;]<\/p>\n<p>Pol. Ind. Tejer\u00edas Sur; Calle Torrecilla, s\/n, 26500, Calahorra (La Rioja), Spanien<\/p>\n<p>[\/et_pb_text][et_pb_image src=&#8220;https:\/\/nasika.es\/wp-content\/uploads\/2024\/01\/Edificio-nasika-3.png&#8220; alt=&#8220;Polymer bound&#8220; _builder_version=&#8220;4.24.0&#8243; _module_preset=&#8220;default&#8220; custom_margin=&#8220;||36px|||&#8220; global_colors_info=&#8220;{}&#8220;][\/et_pb_image][\/et_pb_column][et_pb_column type=&#8220;1_2&#8243; _builder_version=&#8220;4.22.2&#8243; _module_preset=&#8220;default&#8220; global_colors_info=&#8220;{}&#8220;][et_pb_text _builder_version=&#8220;4.24.0&#8243; _module_preset=&#8220;default&#8220; text_text_color=&#8220;#2b53a1&#8243; custom_margin=&#8220;||43px|||&#8220; custom_padding=&#8220;122px|||||&#8220; global_colors_info=&#8220;{}&#8220;]<\/p>\n<h4><strong>Wie k\u00f6nnen wir Ihnen helfen?<\/strong><\/h4>\n<p>[\/et_pb_text][et_pb_contact_form submit_button_text=&#8220;Senden&#8220; _builder_version=&#8220;4.24.0&#8243; _module_preset=&#8220;default&#8220; _unique_id=&#8220;2b19e7cb-7dc2-4b46-8c8c-ef88f0d12f3c&#8220; global_colors_info=&#8220;{}&#8220;][et_pb_contact_field field_id=&#8220;Name&#8220; field_title=&#8220;Name&#8220; _builder_version=&#8220;4.16&#8243; global_colors_info=&#8220;{}&#8220; button_text_size__hover_enabled=&#8220;off&#8220; button_one_text_size__hover_enabled=&#8220;off&#8220; button_two_text_size__hover_enabled=&#8220;off&#8220; button_text_color__hover_enabled=&#8220;off&#8220; button_one_text_color__hover_enabled=&#8220;off&#8220; button_two_text_color__hover_enabled=&#8220;off&#8220; button_border_width__hover_enabled=&#8220;off&#8220; button_one_border_width__hover_enabled=&#8220;off&#8220; button_two_border_width__hover_enabled=&#8220;off&#8220; button_border_color__hover_enabled=&#8220;off&#8220; button_one_border_color__hover_enabled=&#8220;off&#8220; button_two_border_color__hover_enabled=&#8220;off&#8220; button_border_radius__hover_enabled=&#8220;off&#8220; button_one_border_radius__hover_enabled=&#8220;off&#8220; button_two_border_radius__hover_enabled=&#8220;off&#8220; button_letter_spacing__hover_enabled=&#8220;off&#8220; button_one_letter_spacing__hover_enabled=&#8220;off&#8220; button_two_letter_spacing__hover_enabled=&#8220;off&#8220; button_bg_color__hover_enabled=&#8220;off&#8220; button_one_bg_color__hover_enabled=&#8220;off&#8220; button_two_bg_color__hover_enabled=&#8220;off&#8220;][\/et_pb_contact_field][et_pb_contact_field field_id=&#8220;Email&#8220; field_title=&#8220;E-Mail Adresse&#8220; field_type=&#8220;email&#8220; _builder_version=&#8220;4.16&#8243; global_colors_info=&#8220;{}&#8220; button_text_size__hover_enabled=&#8220;off&#8220; button_one_text_size__hover_enabled=&#8220;off&#8220; button_two_text_size__hover_enabled=&#8220;off&#8220; button_text_color__hover_enabled=&#8220;off&#8220; button_one_text_color__hover_enabled=&#8220;off&#8220; button_two_text_color__hover_enabled=&#8220;off&#8220; button_border_width__hover_enabled=&#8220;off&#8220; button_one_border_width__hover_enabled=&#8220;off&#8220; button_two_border_width__hover_enabled=&#8220;off&#8220; button_border_color__hover_enabled=&#8220;off&#8220; button_one_border_color__hover_enabled=&#8220;off&#8220; button_two_border_color__hover_enabled=&#8220;off&#8220; button_border_radius__hover_enabled=&#8220;off&#8220; button_one_border_radius__hover_enabled=&#8220;off&#8220; button_two_border_radius__hover_enabled=&#8220;off&#8220; button_letter_spacing__hover_enabled=&#8220;off&#8220; button_one_letter_spacing__hover_enabled=&#8220;off&#8220; button_two_letter_spacing__hover_enabled=&#8220;off&#8220; button_bg_color__hover_enabled=&#8220;off&#8220; button_one_bg_color__hover_enabled=&#8220;off&#8220; button_two_bg_color__hover_enabled=&#8220;off&#8220;][\/et_pb_contact_field][et_pb_contact_field field_id=&#8220;Message&#8220; field_title=&#8220;Nachricht&#8220; field_type=&#8220;text&#8220; fullwidth_field=&#8220;on&#8220; _builder_version=&#8220;4.16&#8243; global_colors_info=&#8220;{}&#8220; button_text_size__hover_enabled=&#8220;off&#8220; button_one_text_size__hover_enabled=&#8220;off&#8220; button_two_text_size__hover_enabled=&#8220;off&#8220; button_text_color__hover_enabled=&#8220;off&#8220; button_one_text_color__hover_enabled=&#8220;off&#8220; button_two_text_color__hover_enabled=&#8220;off&#8220; button_border_width__hover_enabled=&#8220;off&#8220; button_one_border_width__hover_enabled=&#8220;off&#8220; button_two_border_width__hover_enabled=&#8220;off&#8220; button_border_color__hover_enabled=&#8220;off&#8220; button_one_border_color__hover_enabled=&#8220;off&#8220; button_two_border_color__hover_enabled=&#8220;off&#8220; button_border_radius__hover_enabled=&#8220;off&#8220; button_one_border_radius__hover_enabled=&#8220;off&#8220; button_two_border_radius__hover_enabled=&#8220;off&#8220; button_letter_spacing__hover_enabled=&#8220;off&#8220; button_one_letter_spacing__hover_enabled=&#8220;off&#8220; button_two_letter_spacing__hover_enabled=&#8220;off&#8220; button_bg_color__hover_enabled=&#8220;off&#8220; button_one_bg_color__hover_enabled=&#8220;off&#8220; button_two_bg_color__hover_enabled=&#8220;off&#8220;][\/et_pb_contact_field][\/et_pb_contact_form][\/et_pb_column][\/et_pb_row][et_pb_row column_structure=&#8220;1_4,1_4,1_4,1_4&#8243; _builder_version=&#8220;4.24.0&#8243; _module_preset=&#8220;default&#8220; custom_padding=&#8220;0px||31px|||&#8220; global_colors_info=&#8220;{}&#8220;][et_pb_column type=&#8220;1_4&#8243; _builder_version=&#8220;4.24.0&#8243; _module_preset=&#8220;default&#8220; global_colors_info=&#8220;{}&#8220;][et_pb_icon font_icon=&#8220;&#xe090;||divi||400&#8243; icon_width=&#8220;26px&#8220; align=&#8220;left&#8220; _builder_version=&#8220;4.24.0&#8243; _module_preset=&#8220;default&#8220; background_color=&#8220;RGBA(255,255,255,0)&#8220; custom_margin=&#8220;1px||-3px|||&#8220; custom_padding=&#8220;||3px|||&#8220; global_colors_info=&#8220;{}&#8220;][\/et_pb_icon][et_pb_text _builder_version=&#8220;4.24.0&#8243; _module_preset=&#8220;default&#8220; text_text_color=&#8220;#2b53a1&#8243; text_font_size=&#8220;20px&#8220; custom_margin=&#8220;10px|||||&#8220; global_colors_info=&#8220;{}&#8220;]+34 941 13 15 50[\/et_pb_text][\/et_pb_column][et_pb_column type=&#8220;1_4&#8243; _builder_version=&#8220;4.24.0&#8243; _module_preset=&#8220;default&#8220; global_colors_info=&#8220;{}&#8220;][et_pb_icon font_icon=&#8220;&#xf0e0;||fa||900&#8243; icon_width=&#8220;26px&#8220; align=&#8220;left&#8220; _builder_version=&#8220;4.24.0&#8243; _module_preset=&#8220;default&#8220; background_color=&#8220;RGBA(255,255,255,0)&#8220; custom_margin=&#8220;1px||-3px|||&#8220; custom_padding=&#8220;||3px|||&#8220; global_colors_info=&#8220;{}&#8220;][\/et_pb_icon][et_pb_text _builder_version=&#8220;4.24.0&#8243; _module_preset=&#8220;default&#8220; text_text_color=&#8220;#2b53a1&#8243; text_font_size=&#8220;20px&#8220; custom_margin=&#8220;10px|||||&#8220; global_colors_info=&#8220;{}&#8220;]<\/p>\n<p>nasika@nasika.es<\/p>\n<p>[\/et_pb_text][\/et_pb_column][et_pb_column type=&#8220;1_4&#8243; _builder_version=&#8220;4.24.0&#8243; _module_preset=&#8220;default&#8220; global_colors_info=&#8220;{}&#8220;][\/et_pb_column][et_pb_column type=&#8220;1_4&#8243; _builder_version=&#8220;4.24.0&#8243; _module_preset=&#8220;default&#8220; global_colors_info=&#8220;{}&#8220;][\/et_pb_column][\/et_pb_row][\/et_pb_section][et_pb_section fb_built=&#8220;1&#8243; admin_label=&#8220;C\u00f3mo llegar&#8220; _builder_version=&#8220;4.24.0&#8243; background_color=&#8220;#efefef&#8220; custom_margin=&#8220;||0px|&#8220; custom_padding=&#8220;0px||||false|false&#8220; z_index_tablet=&#8220;500&#8243; box_shadow_horizontal_tablet=&#8220;0px&#8220; box_shadow_vertical_tablet=&#8220;0px&#8220; box_shadow_blur_tablet=&#8220;40px&#8220; box_shadow_spread_tablet=&#8220;0px&#8220; collapsed=&#8220;off&#8220; global_colors_info=&#8220;{}&#8220;][et_pb_row column_structure=&#8220;1_2,1_2&#8243; _builder_version=&#8220;4.24.0&#8243; _module_preset=&#8220;default&#8220; custom_margin=&#8220;31px|auto||auto||&#8220; custom_padding=&#8220;52px|||||&#8220; global_colors_info=&#8220;{}&#8220;][et_pb_column type=&#8220;1_2&#8243; _builder_version=&#8220;4.24.0&#8243; _module_preset=&#8220;default&#8220; global_colors_info=&#8220;{}&#8220;][et_pb_heading title=&#8220;Wie komme ich hin?&#8220; admin_label=&#8220;C\u00f3mo llegar&#8220; _builder_version=&#8220;4.24.0&#8243; _module_preset=&#8220;default&#8220; title_level=&#8220;h2&#8243; title_font=&#8220;|600|||||||&#8220; title_text_align=&#8220;left&#8220; title_font_size=&#8220;29px&#8220; custom_margin=&#8220;1px||24px|||&#8220; custom_padding=&#8220;0px|||||&#8220; locked=&#8220;off&#8220; global_colors_info=&#8220;{}&#8220;][\/et_pb_heading][et_pb_divider _builder_version=&#8220;4.24.0&#8243; _module_preset=&#8220;default&#8220; width=&#8220;37%&#8220; max_width=&#8220;37%&#8220; custom_margin=&#8220;||21px|||&#8220; global_colors_info=&#8220;{}&#8220;][\/et_pb_divider][et_pb_icon font_icon=&#8220;&#xf072;||fa||900&#8243; icon_width=&#8220;26px&#8220; align=&#8220;left&#8220; _builder_version=&#8220;4.24.0&#8243; _module_preset=&#8220;default&#8220; background_color=&#8220;RGBA(255,255,255,0)&#8220; custom_margin=&#8220;||-3px|||&#8220; global_colors_info=&#8220;{}&#8220;][\/et_pb_icon][et_pb_text _builder_version=&#8220;4.24.0&#8243; _module_preset=&#8220;default&#8220; text_text_color=&#8220;#2b53a1&#8243; custom_margin=&#8220;15px||33px|||&#8220; custom_padding=&#8220;0px|||||&#8220; global_colors_info=&#8220;{}&#8220;]<\/p>\n<h4><strong>Mit dem Flugzeug<\/strong><\/h4>\n<p>[\/et_pb_text][et_pb_text _builder_version=&#8220;4.24.0&#8243; _module_preset=&#8220;default&#8220; text_font_size=&#8220;15px&#8220; text_orientation=&#8220;justified&#8220; custom_padding=&#8220;0px|||||&#8220; global_colors_info=&#8220;{}&#8220;]<\/p>\n<p><strong>Internationaler Flughafen Bilbao.<\/strong><\/p>\n<p>Der internationale Flughafen Bilbao ist mit verschiedenen europ\u00e4ischen St\u00e4dten verbunden: Amsterdam, Berlin, Br\u00fcssel, Dublin, D\u00fcsseldorf, Istanbul, Genf, Lissabon, London (Heathrow und Stansted), Manchester, Mailand, M\u00fcnchen, Oslo, Paris (Charles De Gaulle und Orly), Prag, Rom, Stuttgart, Venedig, Neapel, Porto, Florenz, usw. Sie bietet auch Verbindungen zu den wichtigsten spanischen St\u00e4dten.<\/p>\n<p>Am Flughafen gibt es eine Autovermietung.<\/p>\n<p><strong>Flughafen Madrid-Barajas Adolfo Su\u00e1rez.<\/strong><\/p>\n<p>Es gibt h\u00e4ufige Verbindungen zu den meisten spanischen Flugh\u00e4fen und gute Verbindungen zu den europ\u00e4ischen Hauptst\u00e4dten. Er ist auch der europ\u00e4ische Flughafen mit den meisten Fl\u00fcgen nach Lateinamerika und hat Verbindungen nach Afrika, Asien und Nordamerika.<\/p>\n<p>Am Flughafen gibt es eine Autovermietung.<\/p>\n<p><strong>Flughafen Zaragoza<\/strong><\/p>\n<p>Der Flughafen hat Verbindungen mit einigen spanischen St\u00e4dten wie Santiago de Compostela, Mah\u00f3n, Palma de Mallorca, Ibiza, Gran Canaria, Lanzarote und Teneriffa.<\/p>\n<p>Zus\u00e4tzlich zu den Direktverbindungen in die folgenden europ\u00e4ischen St\u00e4dte: Wien, M\u00fcnchen, Br\u00fcssel, London, Bukarest, Cluj-Napoca, Mailand, Venedig, Paris und Lissabon.<\/p>\n<p>Am Flughafen gibt es eine Autovermietung.<\/p>\n<p>[\/et_pb_text][\/et_pb_column][et_pb_column type=&#8220;1_2&#8243; _builder_version=&#8220;4.24.0&#8243; _module_preset=&#8220;default&#8220; global_colors_info=&#8220;{}&#8220;][et_pb_icon font_icon=&#8220;&#xf207;||fa||900&#8243; icon_width=&#8220;26px&#8220; align=&#8220;left&#8220; _builder_version=&#8220;4.24.0&#8243; _module_preset=&#8220;default&#8220; background_color=&#8220;RGBA(255,255,255,0)&#8220; custom_margin=&#8220;105px||-3px|||&#8220; custom_padding=&#8220;||3px|||&#8220; global_colors_info=&#8220;{}&#8220;][\/et_pb_icon][et_pb_text _builder_version=&#8220;4.24.0&#8243; _module_preset=&#8220;default&#8220; text_text_color=&#8220;#2b53a1&#8243; custom_margin=&#8220;15px||33px|||&#8220; custom_padding=&#8220;0px|||||&#8220; global_colors_info=&#8220;{}&#8220;]<\/p>\n<h4><strong>Mit dem Bus<\/strong><\/h4>\n<p>[\/et_pb_text][et_pb_text _builder_version=&#8220;4.24.0&#8243; _module_preset=&#8220;default&#8220; text_font_size=&#8220;15px&#8220; text_orientation=&#8220;justified&#8220; min_height=&#8220;98.2px&#8220; custom_margin=&#8220;33px|||||&#8220; custom_padding=&#8220;0px|||||&#8220; global_colors_info=&#8220;{}&#8220;]<\/p>\n<p><strong>Busbahnhof Logro\u00f1o.<\/strong> Es befindet sich 50,3 km von NASIKA entfernt.<\/p>\n<p>Der Busbahnhof Logro\u00f1o hat Verbindungen mit Alicante, Barcelona, Bilbao, Burgos, Gij\u00f3n, Madrid, Murcia, Pamplona, San Sebasti\u00e1n, Santander, Santiago de Compostela, Soria, Valencia, Vigo, Vitoria und Zaragoza.<\/p>\n<p>Am Bahnhof steht ein Taxiservice zur Verf\u00fcgung, und in der N\u00e4he gibt es eine Autovermietung.<\/p>\n<p>[\/et_pb_text][et_pb_icon font_icon=&#8220;&#xf5e4;||fa||900&#8243; icon_width=&#8220;26px&#8220; align=&#8220;left&#8220; _builder_version=&#8220;4.24.0&#8243; _module_preset=&#8220;default&#8220; background_color=&#8220;RGBA(255,255,255,0)&#8220; custom_margin=&#8220;58px||-3px|||&#8220; custom_padding=&#8220;||3px|||&#8220; global_colors_info=&#8220;{}&#8220;][\/et_pb_icon][et_pb_text _builder_version=&#8220;4.24.0&#8243; _module_preset=&#8220;default&#8220; text_text_color=&#8220;#2b53a1&#8243; custom_margin=&#8220;15px||33px|||&#8220; custom_padding=&#8220;0px|||||&#8220; global_colors_info=&#8220;{}&#8220;]<\/p>\n<h4><strong>Mit dem Auto<\/strong><\/h4>\n<p>[\/et_pb_text][et_pb_text _builder_version=&#8220;4.24.0&#8243; _module_preset=&#8220;default&#8220; text_font_size=&#8220;15px&#8220; text_orientation=&#8220;justified&#8220; min_height=&#8220;98.2px&#8220; custom_margin=&#8220;33px|||||&#8220; custom_padding=&#8220;0px|||||&#8220; global_colors_info=&#8220;{}&#8220;]<\/p>\n<p><strong>Madrid und Zentralspanien.<\/strong> Madrid ist \u00fcber die A-2 351 km (3 Stunden 46 Minuten) und \u00fcber die A-1 via Soria 360 km (4 Stunden 24 Minuten) entfernt.<\/p>\n<p><strong>Bilbao und Nordspanien.<\/strong> Bilbao ist \u00fcber die AP-68 183 km entfernt (1 Stunde 50 Minuten).<\/p>\n<p><strong>Barcelona.<\/strong> Barcelona ist mit der AP-2 und der AP-68 (4h 14min) \u00fcber Zaragoza 426 km entfernt.<\/p>\n<p>[\/et_pb_text][et_pb_icon font_icon=&#8220;&#xf239;||fa||900&#8243; icon_width=&#8220;26px&#8220; align=&#8220;left&#8220; _builder_version=&#8220;4.24.0&#8243; _module_preset=&#8220;default&#8220; background_color=&#8220;RGBA(255,255,255,0)&#8220; custom_margin=&#8220;58px||-3px|||&#8220; custom_padding=&#8220;||3px|||&#8220; global_colors_info=&#8220;{}&#8220;][\/et_pb_icon][et_pb_text _builder_version=&#8220;4.24.0&#8243; _module_preset=&#8220;default&#8220; text_text_color=&#8220;#2b53a1&#8243; custom_margin=&#8220;15px||33px|||&#8220; custom_padding=&#8220;0px|||||&#8220; global_colors_info=&#8220;{}&#8220;]<\/p>\n<h4><strong>Mit dem Zug<\/strong><\/h4>\n<p>[\/et_pb_text][et_pb_text _builder_version=&#8220;4.24.0&#8243; _module_preset=&#8220;default&#8220; text_font_size=&#8220;15px&#8220; text_orientation=&#8220;justified&#8220; min_height=&#8220;98.2px&#8220; custom_margin=&#8220;33px|||||&#8220; custom_padding=&#8220;0px|||||&#8220; global_colors_info=&#8220;{}&#8220;]<\/p>\n<p><strong>Bahnhof Logro\u00f1o.<\/strong> Es befindet sich 50,3 km von NASIKA entfernt.<\/p>\n<p>Der Bahnhof von Logro\u00f1o bietet Fernverbindungen mit Barcelona, Bilbao, Guadalajara, L\u00e9rida, Madrid und Zaragoza mit dem Alvia-Zug sowie Verbindungen mit Barcelona, Burgos, La Coru\u00f1a, L\u00e9rida, Le\u00f3n, Lugo, Vigo und Zaragoza mit Trenhotel.<\/p>\n<p>Es gibt auch Mittelstreckenverbindungen mit Zaragoza, Valladolid und Salamanca mit Regional Expr\u00e9s.<\/p>\n<p>Es besteht auch die M\u00f6glichkeit, in Zaragoza umzusteigen und mit dem AVE-Zug nach Madrid zu fahren.<\/p>\n<p>Taxis und Autovermietungen sind am Bahnhof verf\u00fcgbar.<\/p>\n<p>[\/et_pb_text][\/et_pb_column][\/et_pb_row][\/et_pb_section]<\/p>\n","protected":false},"excerpt":{"rendered":"<p>NASIKA PRODUCTS, S.A.U.Pol. Ind. Tejer\u00edas Sur; Calle Torrecilla, s\/n, 26500, Calahorra (La Rioja), SpanienWie k\u00f6nnen wir Ihnen helfen?+34 941 13 15 50nasika@nasika.esMit dem FlugzeugInternationaler Flughafen Bilbao. Der internationale Flughafen Bilbao ist mit verschiedenen europ\u00e4ischen St\u00e4dten verbunden: Amsterdam, Berlin, Br\u00fcssel, Dublin, D\u00fcsseldorf, Istanbul, Genf, Lissabon, London (Heathrow und Stansted), Manchester, Mailand, M\u00fcnchen, Oslo, Paris (Charles De [&hellip;]<\/p>\n","protected":false},"author":3,"featured_media":0,"parent":0,"menu_order":0,"comment_status":"closed","ping_status":"closed","template":"","meta":{"_et_pb_use_builder":"on","_et_pb_old_content":"","_et_gb_content_width":"","footnotes":""},"class_list":["post-3643","page","type-page","status-publish","hentry"],"yoast_head":"<!-- This site is optimized with the Yoast SEO plugin v27.3 - https:\/\/yoast.com\/product\/yoast-seo-wordpress\/ -->\n<title>Kontakt - Nasika Products<\/title>\n<meta name=\"robots\" content=\"index, follow, max-snippet:-1, max-image-preview:large, max-video-preview:-1\" \/>\n<link rel=\"canonical\" href=\"https:\/\/nasika.es\/de\/kontakt\/\" \/>\n<meta property=\"og:locale\" content=\"de_DE\" \/>\n<meta property=\"og:type\" content=\"article\" \/>\n<meta property=\"og:title\" content=\"Kontakt - Nasika Products\" \/>\n<meta property=\"og:description\" content=\"NASIKA PRODUCTS, S.A.U.Pol. Ind. Tejer\u00edas Sur; Calle Torrecilla, s\/n, 26500, Calahorra (La Rioja), SpanienWie k\u00f6nnen wir Ihnen helfen?+34 941 13 15 50nasika@nasika.esMit dem FlugzeugInternationaler Flughafen Bilbao. Der internationale Flughafen Bilbao ist mit verschiedenen europ\u00e4ischen St\u00e4dten verbunden: Amsterdam, Berlin, Br\u00fcssel, Dublin, D\u00fcsseldorf, Istanbul, Genf, Lissabon, London (Heathrow und Stansted), Manchester, Mailand, M\u00fcnchen, Oslo, Paris (Charles De [&hellip;]\" \/>\n<meta property=\"og:url\" content=\"https:\/\/nasika.es\/de\/kontakt\/\" \/>\n<meta property=\"og:site_name\" content=\"Nasika Products\" \/>\n<meta property=\"article:modified_time\" content=\"2024-02-09T13:14:23+00:00\" \/>\n<meta name=\"twitter:card\" content=\"summary_large_image\" \/>\n<meta name=\"twitter:label1\" content=\"Gesch\u00e4tzte Lesezeit\" \/>\n\t<meta name=\"twitter:data1\" content=\"3\u00a0Minuten\" \/>\n<script type=\"application\/ld+json\" class=\"yoast-schema-graph\">{\"@context\":\"https:\\\/\\\/schema.org\",\"@graph\":[{\"@type\":\"WebPage\",\"@id\":\"https:\\\/\\\/nasika.es\\\/de\\\/kontakt\\\/\",\"url\":\"https:\\\/\\\/nasika.es\\\/de\\\/kontakt\\\/\",\"name\":\"Kontakt - Nasika Products\",\"isPartOf\":{\"@id\":\"https:\\\/\\\/nasika.es\\\/#website\"},\"datePublished\":\"2024-02-09T13:00:53+00:00\",\"dateModified\":\"2024-02-09T13:14:23+00:00\",\"breadcrumb\":{\"@id\":\"https:\\\/\\\/nasika.es\\\/de\\\/kontakt\\\/#breadcrumb\"},\"inLanguage\":\"de\",\"potentialAction\":[{\"@type\":\"ReadAction\",\"target\":[\"https:\\\/\\\/nasika.es\\\/de\\\/kontakt\\\/\"]}]},{\"@type\":\"BreadcrumbList\",\"@id\":\"https:\\\/\\\/nasika.es\\\/de\\\/kontakt\\\/#breadcrumb\",\"itemListElement\":[{\"@type\":\"ListItem\",\"position\":1,\"name\":\"Portada\",\"item\":\"https:\\\/\\\/nasika.es\\\/de\\\/\"},{\"@type\":\"ListItem\",\"position\":2,\"name\":\"Kontakt\"}]},{\"@type\":\"WebSite\",\"@id\":\"https:\\\/\\\/nasika.es\\\/#website\",\"url\":\"https:\\\/\\\/nasika.es\\\/\",\"name\":\"Nasika Products\",\"description\":\"Predispersados\",\"potentialAction\":[{\"@type\":\"SearchAction\",\"target\":{\"@type\":\"EntryPoint\",\"urlTemplate\":\"https:\\\/\\\/nasika.es\\\/?s={search_term_string}\"},\"query-input\":{\"@type\":\"PropertyValueSpecification\",\"valueRequired\":true,\"valueName\":\"search_term_string\"}}],\"inLanguage\":\"de\"}]}<\/script>\n<!-- \/ Yoast SEO plugin. -->","yoast_head_json":{"title":"Kontakt - Nasika Products","robots":{"index":"index","follow":"follow","max-snippet":"max-snippet:-1","max-image-preview":"max-image-preview:large","max-video-preview":"max-video-preview:-1"},"canonical":"https:\/\/nasika.es\/de\/kontakt\/","og_locale":"de_DE","og_type":"article","og_title":"Kontakt - Nasika Products","og_description":"NASIKA PRODUCTS, S.A.U.Pol. Ind. Tejer\u00edas Sur; Calle Torrecilla, s\/n, 26500, Calahorra (La Rioja), SpanienWie k\u00f6nnen wir Ihnen helfen?+34 941 13 15 50nasika@nasika.esMit dem FlugzeugInternationaler Flughafen Bilbao. Der internationale Flughafen Bilbao ist mit verschiedenen europ\u00e4ischen St\u00e4dten verbunden: Amsterdam, Berlin, Br\u00fcssel, Dublin, D\u00fcsseldorf, Istanbul, Genf, Lissabon, London (Heathrow und Stansted), Manchester, Mailand, M\u00fcnchen, Oslo, Paris (Charles De [&hellip;]","og_url":"https:\/\/nasika.es\/de\/kontakt\/","og_site_name":"Nasika Products","article_modified_time":"2024-02-09T13:14:23+00:00","twitter_card":"summary_large_image","twitter_misc":{"Gesch\u00e4tzte Lesezeit":"3\u00a0Minuten"},"schema":{"@context":"https:\/\/schema.org","@graph":[{"@type":"WebPage","@id":"https:\/\/nasika.es\/de\/kontakt\/","url":"https:\/\/nasika.es\/de\/kontakt\/","name":"Kontakt - Nasika Products","isPartOf":{"@id":"https:\/\/nasika.es\/#website"},"datePublished":"2024-02-09T13:00:53+00:00","dateModified":"2024-02-09T13:14:23+00:00","breadcrumb":{"@id":"https:\/\/nasika.es\/de\/kontakt\/#breadcrumb"},"inLanguage":"de","potentialAction":[{"@type":"ReadAction","target":["https:\/\/nasika.es\/de\/kontakt\/"]}]},{"@type":"BreadcrumbList","@id":"https:\/\/nasika.es\/de\/kontakt\/#breadcrumb","itemListElement":[{"@type":"ListItem","position":1,"name":"Portada","item":"https:\/\/nasika.es\/de\/"},{"@type":"ListItem","position":2,"name":"Kontakt"}]},{"@type":"WebSite","@id":"https:\/\/nasika.es\/#website","url":"https:\/\/nasika.es\/","name":"Nasika Products","description":"Predispersados","potentialAction":[{"@type":"SearchAction","target":{"@type":"EntryPoint","urlTemplate":"https:\/\/nasika.es\/?s={search_term_string}"},"query-input":{"@type":"PropertyValueSpecification","valueRequired":true,"valueName":"search_term_string"}}],"inLanguage":"de"}]}},"_links":{"self":[{"href":"https:\/\/nasika.es\/de\/wp-json\/wp\/v2\/pages\/3643","targetHints":{"allow":["GET"]}}],"collection":[{"href":"https:\/\/nasika.es\/de\/wp-json\/wp\/v2\/pages"}],"about":[{"href":"https:\/\/nasika.es\/de\/wp-json\/wp\/v2\/types\/page"}],"author":[{"embeddable":true,"href":"https:\/\/nasika.es\/de\/wp-json\/wp\/v2\/users\/3"}],"replies":[{"embeddable":true,"href":"https:\/\/nasika.es\/de\/wp-json\/wp\/v2\/comments?post=3643"}],"version-history":[{"count":13,"href":"https:\/\/nasika.es\/de\/wp-json\/wp\/v2\/pages\/3643\/revisions"}],"predecessor-version":[{"id":3660,"href":"https:\/\/nasika.es\/de\/wp-json\/wp\/v2\/pages\/3643\/revisions\/3660"}],"wp:attachment":[{"href":"https:\/\/nasika.es\/de\/wp-json\/wp\/v2\/media?parent=3643"}],"curies":[{"name":"wp","href":"https:\/\/api.w.org\/{rel}","templated":true}]}}