{"id":3481,"date":"2024-01-23T09:37:40","date_gmt":"2024-01-23T09:37:40","guid":{"rendered":"https:\/\/nasika.es\/contact\/"},"modified":"2024-01-23T13:57:27","modified_gmt":"2024-01-23T13:57:27","slug":"contact","status":"publish","type":"page","link":"https:\/\/nasika.es\/en\/contact\/","title":{"rendered":"Contact"},"content":{"rendered":"<p>[et_pb_section fb_built=&#8221;1&#8243; admin_label=&#8221;Formulario&#8221; _builder_version=&#8221;4.22.2&#8243; _module_preset=&#8221;default&#8221; custom_padding=&#8221;||4px|||&#8221; collapsed=&#8221;off&#8221; global_colors_info=&#8221;{}&#8221;][et_pb_row column_structure=&#8221;1_2,1_2&#8243; admin_label=&#8221;Data and form&#8221; _builder_version=&#8221;4.22.2&#8243; _module_preset=&#8221;default&#8221; custom_padding=&#8221;||5px|||&#8221; global_colors_info=&#8221;{}&#8221;][et_pb_column type=&#8221;1_2&#8243; _builder_version=&#8221;4.22.2&#8243; _module_preset=&#8221;default&#8221; global_colors_info=&#8221;{}&#8221;][et_pb_heading title=&#8221;Contact information and location&#8221; admin_label=&#8221;Datos de contacto y localizaci\u00f3n&#8221; _builder_version=&#8221;4.24.0&#8243; _module_preset=&#8221;default&#8221; title_level=&#8221;h2&#8243; title_font=&#8221;|600|||||||&#8221; title_text_align=&#8221;left&#8221; title_font_size=&#8221;29px&#8221; locked=&#8221;off&#8221; global_colors_info=&#8221;{}&#8221;][\/et_pb_heading][et_pb_divider _builder_version=&#8221;4.24.0&#8243; _module_preset=&#8221;default&#8221; width=&#8221;37%&#8221; max_width=&#8221;37%&#8221; custom_margin=&#8221;||2px|||&#8221; global_colors_info=&#8221;{}&#8221;][\/et_pb_divider][et_pb_text _builder_version=&#8221;4.24.0&#8243; _module_preset=&#8221;default&#8221; text_text_color=&#8221;#2b53a1&#8243; custom_margin=&#8221;7px||30px|||&#8221; custom_padding=&#8221;8px|||||&#8221; global_colors_info=&#8221;{}&#8221;]<\/p>\n<h4><strong>NASIKA PRODUCTS, S.A.U.<\/strong><\/h4>\n<p>[\/et_pb_text][et_pb_text _builder_version=&#8221;4.24.0&#8243; _module_preset=&#8221;default&#8221; text_font_size=&#8221;15px&#8221; global_colors_info=&#8221;{}&#8221;]<\/p>\n<p>Tejer\u00edas Sur Industrial Estate; Torrecilla Street, s\/n, 26500, Calahorra (La Rioja), Espa\u00f1a  <\/p>\n<p>[\/et_pb_text][et_pb_image src=&#8221;https:\/\/nasika.es\/wp-content\/uploads\/2024\/01\/Edificio-nasika-3.png&#8221; alt=&#8221;Polymer bound&#8221; _builder_version=&#8221;4.24.0&#8243; _module_preset=&#8221;default&#8221; custom_margin=&#8221;||40px|||&#8221; global_colors_info=&#8221;{}&#8221;][\/et_pb_image][\/et_pb_column][et_pb_column type=&#8221;1_2&#8243; _builder_version=&#8221;4.22.2&#8243; _module_preset=&#8221;default&#8221; global_colors_info=&#8221;{}&#8221;][et_pb_text _builder_version=&#8221;4.24.0&#8243; _module_preset=&#8221;default&#8221; text_text_color=&#8221;#2b53a1&#8243; custom_margin=&#8221;||43px|||&#8221; custom_padding=&#8221;122px|||||&#8221; global_colors_info=&#8221;{}&#8221;]<\/p>\n<h4><strong>How can we help you?<\/strong><\/h4>\n<p>[\/et_pb_text][et_pb_contact_form email=&#8221;nasika@nasika.es&#8221; submit_button_text=&#8221;Send&#8221; _builder_version=&#8221;4.24.0&#8243; _module_preset=&#8221;default&#8221; _unique_id=&#8221;2b19e7cb-7dc2-4b46-8c8c-ef88f0d12f3c&#8221; global_colors_info=&#8221;{}&#8221;][et_pb_contact_field field_id=&#8221;Name&#8221; field_title=&#8221;Name&#8221; _builder_version=&#8221;4.16&#8243; global_colors_info=&#8221;{}&#8221; button_text_size__hover_enabled=&#8221;off&#8221; button_one_text_size__hover_enabled=&#8221;off&#8221; button_two_text_size__hover_enabled=&#8221;off&#8221; button_text_color__hover_enabled=&#8221;off&#8221; button_one_text_color__hover_enabled=&#8221;off&#8221; button_two_text_color__hover_enabled=&#8221;off&#8221; button_border_width__hover_enabled=&#8221;off&#8221; button_one_border_width__hover_enabled=&#8221;off&#8221; button_two_border_width__hover_enabled=&#8221;off&#8221; button_border_color__hover_enabled=&#8221;off&#8221; button_one_border_color__hover_enabled=&#8221;off&#8221; button_two_border_color__hover_enabled=&#8221;off&#8221; button_border_radius__hover_enabled=&#8221;off&#8221; button_one_border_radius__hover_enabled=&#8221;off&#8221; button_two_border_radius__hover_enabled=&#8221;off&#8221; button_letter_spacing__hover_enabled=&#8221;off&#8221; button_one_letter_spacing__hover_enabled=&#8221;off&#8221; button_two_letter_spacing__hover_enabled=&#8221;off&#8221; button_bg_color__hover_enabled=&#8221;off&#8221; button_one_bg_color__hover_enabled=&#8221;off&#8221; button_two_bg_color__hover_enabled=&#8221;off&#8221;][\/et_pb_contact_field][et_pb_contact_field field_id=&#8221;Email&#8221; field_title=&#8221;Email address&#8221; field_type=&#8221;email&#8221; _builder_version=&#8221;4.16&#8243; global_colors_info=&#8221;{}&#8221; button_text_size__hover_enabled=&#8221;off&#8221; button_one_text_size__hover_enabled=&#8221;off&#8221; button_two_text_size__hover_enabled=&#8221;off&#8221; button_text_color__hover_enabled=&#8221;off&#8221; button_one_text_color__hover_enabled=&#8221;off&#8221; button_two_text_color__hover_enabled=&#8221;off&#8221; button_border_width__hover_enabled=&#8221;off&#8221; button_one_border_width__hover_enabled=&#8221;off&#8221; button_two_border_width__hover_enabled=&#8221;off&#8221; button_border_color__hover_enabled=&#8221;off&#8221; button_one_border_color__hover_enabled=&#8221;off&#8221; button_two_border_color__hover_enabled=&#8221;off&#8221; button_border_radius__hover_enabled=&#8221;off&#8221; button_one_border_radius__hover_enabled=&#8221;off&#8221; button_two_border_radius__hover_enabled=&#8221;off&#8221; button_letter_spacing__hover_enabled=&#8221;off&#8221; button_one_letter_spacing__hover_enabled=&#8221;off&#8221; button_two_letter_spacing__hover_enabled=&#8221;off&#8221; button_bg_color__hover_enabled=&#8221;off&#8221; button_one_bg_color__hover_enabled=&#8221;off&#8221; button_two_bg_color__hover_enabled=&#8221;off&#8221;][\/et_pb_contact_field][et_pb_contact_field field_id=&#8221;Message&#8221; field_title=&#8221;Message&#8221; field_type=&#8221;text&#8221; fullwidth_field=&#8221;on&#8221; _builder_version=&#8221;4.16&#8243; global_colors_info=&#8221;{}&#8221; button_text_size__hover_enabled=&#8221;off&#8221; button_one_text_size__hover_enabled=&#8221;off&#8221; button_two_text_size__hover_enabled=&#8221;off&#8221; button_text_color__hover_enabled=&#8221;off&#8221; button_one_text_color__hover_enabled=&#8221;off&#8221; button_two_text_color__hover_enabled=&#8221;off&#8221; button_border_width__hover_enabled=&#8221;off&#8221; button_one_border_width__hover_enabled=&#8221;off&#8221; button_two_border_width__hover_enabled=&#8221;off&#8221; button_border_color__hover_enabled=&#8221;off&#8221; button_one_border_color__hover_enabled=&#8221;off&#8221; button_two_border_color__hover_enabled=&#8221;off&#8221; button_border_radius__hover_enabled=&#8221;off&#8221; button_one_border_radius__hover_enabled=&#8221;off&#8221; button_two_border_radius__hover_enabled=&#8221;off&#8221; button_letter_spacing__hover_enabled=&#8221;off&#8221; button_one_letter_spacing__hover_enabled=&#8221;off&#8221; button_two_letter_spacing__hover_enabled=&#8221;off&#8221; button_bg_color__hover_enabled=&#8221;off&#8221; button_one_bg_color__hover_enabled=&#8221;off&#8221; button_two_bg_color__hover_enabled=&#8221;off&#8221;][\/et_pb_contact_field][\/et_pb_contact_form][\/et_pb_column][\/et_pb_row][et_pb_row column_structure=&#8221;1_4,1_4,1_4,1_4&#8243; _builder_version=&#8221;4.24.0&#8243; _module_preset=&#8221;default&#8221; custom_padding=&#8221;0px||31px|||&#8221; global_colors_info=&#8221;{}&#8221; locked=&#8221;off&#8221;][et_pb_column type=&#8221;1_4&#8243; _builder_version=&#8221;4.24.0&#8243; _module_preset=&#8221;default&#8221; global_colors_info=&#8221;{}&#8221;][et_pb_icon font_icon=&#8221;&#xe090;||divi||400&#8243; icon_width=&#8221;26px&#8221; align=&#8221;left&#8221; _builder_version=&#8221;4.24.0&#8243; _module_preset=&#8221;default&#8221; background_color=&#8221;RGBA(255,255,255,0)&#8221; custom_margin=&#8221;1px||-3px|||&#8221; custom_padding=&#8221;||3px|||&#8221; global_colors_info=&#8221;{}&#8221;][\/et_pb_icon][et_pb_text _builder_version=&#8221;4.24.0&#8243; _module_preset=&#8221;default&#8221; text_text_color=&#8221;#2b53a1&#8243; text_font_size=&#8221;20px&#8221; custom_margin=&#8221;10px|||||&#8221; global_colors_info=&#8221;{}&#8221;]+34 941 13 15 50[\/et_pb_text][\/et_pb_column][et_pb_column type=&#8221;1_4&#8243; _builder_version=&#8221;4.24.0&#8243; _module_preset=&#8221;default&#8221; global_colors_info=&#8221;{}&#8221;][et_pb_icon font_icon=&#8221;&#xf0e0;||fa||900&#8243; icon_width=&#8221;26px&#8221; align=&#8221;left&#8221; _builder_version=&#8221;4.24.0&#8243; _module_preset=&#8221;default&#8221; background_color=&#8221;RGBA(255,255,255,0)&#8221; custom_margin=&#8221;1px||-3px|||&#8221; custom_padding=&#8221;||3px|||&#8221; global_colors_info=&#8221;{}&#8221;][\/et_pb_icon][et_pb_text _builder_version=&#8221;4.24.0&#8243; _module_preset=&#8221;default&#8221; text_text_color=&#8221;#2b53a1&#8243; text_font_size=&#8221;20px&#8221; custom_margin=&#8221;10px|||||&#8221; global_colors_info=&#8221;{}&#8221;]<\/p>\n<p>nasika@nasika.es<\/p>\n<p>[\/et_pb_text][\/et_pb_column][et_pb_column type=&#8221;1_4&#8243; _builder_version=&#8221;4.24.0&#8243; _module_preset=&#8221;default&#8221; global_colors_info=&#8221;{}&#8221;][\/et_pb_column][et_pb_column type=&#8221;1_4&#8243; _builder_version=&#8221;4.24.0&#8243; _module_preset=&#8221;default&#8221; global_colors_info=&#8221;{}&#8221;][\/et_pb_column][\/et_pb_row][\/et_pb_section][et_pb_section fb_built=&#8221;1&#8243; admin_label=&#8221;C\u00f3mo llegar&#8221; _builder_version=&#8221;4.24.0&#8243; background_color=&#8221;#efefef&#8221; custom_margin=&#8221;||0px|&#8221; custom_padding=&#8221;0px||||false|false&#8221; z_index_tablet=&#8221;500&#8243; box_shadow_horizontal_tablet=&#8221;0px&#8221; box_shadow_vertical_tablet=&#8221;0px&#8221; box_shadow_blur_tablet=&#8221;40px&#8221; box_shadow_spread_tablet=&#8221;0px&#8221; collapsed=&#8221;on&#8221; global_colors_info=&#8221;{}&#8221;][et_pb_row column_structure=&#8221;1_2,1_2&#8243; _builder_version=&#8221;4.24.0&#8243; _module_preset=&#8221;default&#8221; custom_padding=&#8221;52px|||||&#8221; global_colors_info=&#8221;{}&#8221; custom_margin=&#8221;31px|auto||auto||&#8221;][et_pb_column type=&#8221;1_2&#8243; _builder_version=&#8221;4.24.0&#8243; _module_preset=&#8221;default&#8221; global_colors_info=&#8221;{}&#8221;][et_pb_heading title=&#8221;How to get here&#8221; admin_label=&#8221;C\u00f3mo llegar&#8221; _builder_version=&#8221;4.24.0&#8243; _module_preset=&#8221;default&#8221; title_level=&#8221;h2&#8243; title_font=&#8221;|600|||||||&#8221; title_text_align=&#8221;left&#8221; title_font_size=&#8221;29px&#8221; custom_margin=&#8221;1px||24px|||&#8221; custom_padding=&#8221;0px|||||&#8221; locked=&#8221;off&#8221; global_colors_info=&#8221;{}&#8221;][\/et_pb_heading][et_pb_divider _builder_version=&#8221;4.24.0&#8243; _module_preset=&#8221;default&#8221; width=&#8221;37%&#8221; max_width=&#8221;37%&#8221; custom_margin=&#8221;||21px|||&#8221; global_colors_info=&#8221;{}&#8221;][\/et_pb_divider][et_pb_icon font_icon=&#8221;&#xf072;||fa||900&#8243; icon_width=&#8221;26px&#8221; align=&#8221;left&#8221; _builder_version=&#8221;4.24.0&#8243; _module_preset=&#8221;default&#8221; background_color=&#8221;RGBA(255,255,255,0)&#8221; custom_margin=&#8221;||-3px|||&#8221; global_colors_info=&#8221;{}&#8221;][\/et_pb_icon][et_pb_text _builder_version=&#8221;4.24.0&#8243; _module_preset=&#8221;default&#8221; text_text_color=&#8221;#2b53a1&#8243; custom_margin=&#8221;15px||33px|||&#8221; custom_padding=&#8221;0px|||||&#8221; global_colors_info=&#8221;{}&#8221;]<\/p>\n<h4><strong>By plane<\/strong><\/h4>\n<p>[\/et_pb_text][et_pb_text _builder_version=&#8221;4.24.0&#8243; _module_preset=&#8221;default&#8221; text_font_size=&#8221;15px&#8221; text_orientation=&#8221;justified&#8221; custom_padding=&#8221;0px|||||&#8221; global_colors_info=&#8221;{}&#8221;]<\/p>\n<p><strong>Bilbao International Airport<\/strong><\/p>\n<p>The Bilbao International Airport connects with various European cities, including Amsterdam, Berlin, Brussels, Dublin, Dusseldorf, Istanbul, Geneva, Lisbon, London (Heathrow and Stansted), Manchester, Milan, Munich, Oslo, Paris (Charles De Gaulle and Orly), Prague, Rome, Stuttgart, Venice, Naples, Porto, Florence, etc. It also provides connections to major Spanish cities. <\/p>\n<p>It has car rental service at the airport.<\/p>\n<p><strong>Madrid-Barajas Adolfo Su\u00e1rez Airport.<\/strong><\/p>\n<p>It has frequent links with most Spanish airports and good connections to European capitals. Moreover, it is the European airport with the most flights to Ibero-America, and it has connections to Africa, Asia, and North America.<\/p>\n<p>It has car rental service at the airport.<\/p>\n<p><strong>Zaragoza Airport<\/strong><\/p>\n<p>The airport has connections to some Spanish cities such as Santiago de Compostela, Mah\u00f3n, Palma de Mallorca, Ibiza, Gran Canaria, Lanzarote, and Tenerife.<\/p>\n<p>In addition to direct connections with the following European cities: Vienna, Munich, Brussels, London, Bucharest, Cluj-Napoca, Milan, Venice, Paris, and Lisbon.<\/p>\n<p>It has car rental service at the airport.<\/p>\n<p>[\/et_pb_text][\/et_pb_column][et_pb_column type=&#8221;1_2&#8243; _builder_version=&#8221;4.24.0&#8243; _module_preset=&#8221;default&#8221; global_colors_info=&#8221;{}&#8221;][et_pb_icon font_icon=&#8221;&#xf207;||fa||900&#8243; icon_width=&#8221;26px&#8221; align=&#8221;left&#8221; _builder_version=&#8221;4.24.0&#8243; _module_preset=&#8221;default&#8221; background_color=&#8221;RGBA(255,255,255,0)&#8221; custom_margin=&#8221;105px||-3px|||&#8221; custom_padding=&#8221;||3px|||&#8221; global_colors_info=&#8221;{}&#8221;][\/et_pb_icon][et_pb_text _builder_version=&#8221;4.24.0&#8243; _module_preset=&#8221;default&#8221; text_text_color=&#8221;#2b53a1&#8243; custom_margin=&#8221;15px||33px|||&#8221; custom_padding=&#8221;0px|||||&#8221; global_colors_info=&#8221;{}&#8221;]<\/p>\n<h4><strong>By bus<\/strong><\/h4>\n<p>[\/et_pb_text][et_pb_text _builder_version=&#8221;4.24.0&#8243; _module_preset=&#8221;default&#8221; text_font_size=&#8221;15px&#8221; text_orientation=&#8221;justified&#8221; min_height=&#8221;98.2px&#8221; custom_margin=&#8221;33px|||||&#8221; custom_padding=&#8221;0px|||||&#8221; global_colors_info=&#8221;{}&#8221;]<\/p>\n<p><strong>Logro\u00f1o Bus Station<\/strong> It is located 50.3 km from NASIKA.<\/p>\n<p>The Logro\u00f1o Bus Station has connections to Alicante, Barcelona, Bilbao, Burgos, Gij\u00f3n, Madrid, Murcia, Pamplona, San Sebasti\u00e1n, Santander, Santiago de Compostela, Soria, Valencia, Vigo, Vitoria and Zaragoza.<\/p>\n<p>There is taxi service at the station and car rental is available nearby.<\/p>\n<p>[\/et_pb_text][et_pb_icon font_icon=&#8221;&#xf5e4;||fa||900&#8243; icon_width=&#8221;26px&#8221; align=&#8221;left&#8221; _builder_version=&#8221;4.24.0&#8243; _module_preset=&#8221;default&#8221; background_color=&#8221;RGBA(255,255,255,0)&#8221; custom_margin=&#8221;58px||-3px|||&#8221; custom_padding=&#8221;||3px|||&#8221; global_colors_info=&#8221;{}&#8221;][\/et_pb_icon][et_pb_text _builder_version=&#8221;4.24.0&#8243; _module_preset=&#8221;default&#8221; text_text_color=&#8221;#2b53a1&#8243; custom_margin=&#8221;15px||33px|||&#8221; custom_padding=&#8221;0px|||||&#8221; global_colors_info=&#8221;{}&#8221;]<\/p>\n<h4><strong>By car<\/strong><\/h4>\n<p>[\/et_pb_text][et_pb_text _builder_version=&#8221;4.24.0&#8243; _module_preset=&#8221;default&#8221; text_font_size=&#8221;15px&#8221; text_orientation=&#8221;justified&#8221; min_height=&#8221;98.2px&#8221; custom_margin=&#8221;33px|||||&#8221; custom_padding=&#8221;0px|||||&#8221; global_colors_info=&#8221;{}&#8221;]<\/p>\n<p><strong>Madrid and central Spain<\/strong> Madrid is 351 km via the A-2 (3h 46min), and 360 km via the A-1 passing through Soria (4h 24min).<\/p>\n<p><strong>Bilbao and Northern Spain.<\/strong> Bilbao is 183 km away via the AP-68 (1h 50min).<\/p>\n<p><strong>Barcelona.<\/strong> Barcelona is located 426 km away via the AP-2 and AP-68 (4h 14min) passing through Zaragoza.<\/p>\n<p>[\/et_pb_text][et_pb_icon font_icon=&#8221;&#xf239;||fa||900&#8243; icon_width=&#8221;26px&#8221; align=&#8221;left&#8221; _builder_version=&#8221;4.24.0&#8243; _module_preset=&#8221;default&#8221; background_color=&#8221;RGBA(255,255,255,0)&#8221; custom_margin=&#8221;58px||-3px|||&#8221; custom_padding=&#8221;||3px|||&#8221; global_colors_info=&#8221;{}&#8221;][\/et_pb_icon][et_pb_text _builder_version=&#8221;4.24.0&#8243; _module_preset=&#8221;default&#8221; text_text_color=&#8221;#2b53a1&#8243; custom_margin=&#8221;15px||33px|||&#8221; custom_padding=&#8221;0px|||||&#8221; global_colors_info=&#8221;{}&#8221;]<\/p>\n<h4><strong>By train<\/strong><\/h4>\n<p>[\/et_pb_text][et_pb_text _builder_version=&#8221;4.24.0&#8243; _module_preset=&#8221;default&#8221; text_font_size=&#8221;15px&#8221; text_orientation=&#8221;justified&#8221; min_height=&#8221;98.2px&#8221; custom_margin=&#8221;33px|||||&#8221; custom_padding=&#8221;0px|||||&#8221; global_colors_info=&#8221;{}&#8221;]<\/p>\n<p><strong>Logro\u00f1o Train Station<\/strong> It is located 50.3 km from NASIKA.<\/p>\n<p>The Logro\u00f1o train station offers long-distance services to Barcelona, Bilbao, Guadalajara, L\u00e9rida, Madrid, and Zaragoza with the Alvia train, as well as connections to Barcelona, Burgos, La Coru\u00f1a, L\u00e9rida, Le\u00f3n, Lugo, Vigo and Zaragoza.<\/p>\n<p>It also has medium-distance services to Zaragoza, Valladolid and Salamanca with Regional Expr\u00e9s.<\/p>\n<p>Additionally, there is the possibility of traveling to Madrid by making a transfer in Zaragoza and connecting with a high-speed train (AVE) to Madrid.<\/p>\n<p>You have taxi and car rental services available at the station.<\/p>\n<p>[\/et_pb_text][\/et_pb_column][\/et_pb_row][\/et_pb_section]<\/p>\n","protected":false},"excerpt":{"rendered":"<p>NASIKA PRODUCTS, S.A.U.Tejer\u00edas Sur Industrial Estate; Torrecilla Street, s\/n, 26500, Calahorra (La Rioja), Espa\u00f1a How can we help you?+34 941 13 15 50nasika@nasika.esBy planeBilbao International Airport The Bilbao International Airport connects with various European cities, including Amsterdam, Berlin, Brussels, Dublin, Dusseldorf, Istanbul, Geneva, Lisbon, London (Heathrow and Stansted), Manchester, Milan, Munich, Oslo, Paris (Charles De [&hellip;]<\/p>\n","protected":false},"author":3,"featured_media":0,"parent":0,"menu_order":0,"comment_status":"closed","ping_status":"closed","template":"","meta":{"_et_pb_use_builder":"on","_et_pb_old_content":"","_et_gb_content_width":"","footnotes":""},"class_list":["post-3481","page","type-page","status-publish","hentry"],"yoast_head":"<!-- This site is optimized with the Yoast SEO plugin v27.4 - https:\/\/yoast.com\/product\/yoast-seo-wordpress\/ -->\n<title>Contact - Nasika Products<\/title>\n<meta name=\"robots\" content=\"index, follow, max-snippet:-1, max-image-preview:large, max-video-preview:-1\" \/>\n<link rel=\"canonical\" href=\"https:\/\/nasika.es\/en\/contact\/\" \/>\n<meta property=\"og:locale\" content=\"en_US\" \/>\n<meta property=\"og:type\" content=\"article\" \/>\n<meta property=\"og:title\" content=\"Contact - Nasika Products\" \/>\n<meta property=\"og:description\" content=\"NASIKA PRODUCTS, S.A.U.Tejer\u00edas Sur Industrial Estate; Torrecilla Street, s\/n, 26500, Calahorra (La Rioja), Espa\u00f1a How can we help you?+34 941 13 15 50nasika@nasika.esBy planeBilbao International Airport The Bilbao International Airport connects with various European cities, including Amsterdam, Berlin, Brussels, Dublin, Dusseldorf, Istanbul, Geneva, Lisbon, London (Heathrow and Stansted), Manchester, Milan, Munich, Oslo, Paris (Charles De [&hellip;]\" \/>\n<meta property=\"og:url\" content=\"https:\/\/nasika.es\/en\/contact\/\" \/>\n<meta property=\"og:site_name\" content=\"Nasika Products\" \/>\n<meta property=\"article:modified_time\" content=\"2024-01-23T13:57:27+00:00\" \/>\n<meta name=\"twitter:card\" content=\"summary_large_image\" \/>\n<meta name=\"twitter:label1\" content=\"Est. reading time\" \/>\n\t<meta name=\"twitter:data1\" content=\"3 minutes\" \/>\n<script type=\"application\/ld+json\" class=\"yoast-schema-graph\">{\"@context\":\"https:\\\/\\\/schema.org\",\"@graph\":[{\"@type\":\"WebPage\",\"@id\":\"https:\\\/\\\/nasika.es\\\/en\\\/contact\\\/\",\"url\":\"https:\\\/\\\/nasika.es\\\/en\\\/contact\\\/\",\"name\":\"Contact - Nasika Products\",\"isPartOf\":{\"@id\":\"https:\\\/\\\/nasika.es\\\/#website\"},\"datePublished\":\"2024-01-23T09:37:40+00:00\",\"dateModified\":\"2024-01-23T13:57:27+00:00\",\"breadcrumb\":{\"@id\":\"https:\\\/\\\/nasika.es\\\/en\\\/contact\\\/#breadcrumb\"},\"inLanguage\":\"en-US\",\"potentialAction\":[{\"@type\":\"ReadAction\",\"target\":[\"https:\\\/\\\/nasika.es\\\/en\\\/contact\\\/\"]}]},{\"@type\":\"BreadcrumbList\",\"@id\":\"https:\\\/\\\/nasika.es\\\/en\\\/contact\\\/#breadcrumb\",\"itemListElement\":[{\"@type\":\"ListItem\",\"position\":1,\"name\":\"Portada\",\"item\":\"https:\\\/\\\/nasika.es\\\/en\\\/\"},{\"@type\":\"ListItem\",\"position\":2,\"name\":\"Contact\"}]},{\"@type\":\"WebSite\",\"@id\":\"https:\\\/\\\/nasika.es\\\/#website\",\"url\":\"https:\\\/\\\/nasika.es\\\/\",\"name\":\"Nasika Products\",\"description\":\"Predispersados\",\"potentialAction\":[{\"@type\":\"SearchAction\",\"target\":{\"@type\":\"EntryPoint\",\"urlTemplate\":\"https:\\\/\\\/nasika.es\\\/?s={search_term_string}\"},\"query-input\":{\"@type\":\"PropertyValueSpecification\",\"valueRequired\":true,\"valueName\":\"search_term_string\"}}],\"inLanguage\":\"en-US\"}]}<\/script>\n<!-- \/ Yoast SEO plugin. -->","yoast_head_json":{"title":"Contact - Nasika Products","robots":{"index":"index","follow":"follow","max-snippet":"max-snippet:-1","max-image-preview":"max-image-preview:large","max-video-preview":"max-video-preview:-1"},"canonical":"https:\/\/nasika.es\/en\/contact\/","og_locale":"en_US","og_type":"article","og_title":"Contact - Nasika Products","og_description":"NASIKA PRODUCTS, S.A.U.Tejer\u00edas Sur Industrial Estate; Torrecilla Street, s\/n, 26500, Calahorra (La Rioja), Espa\u00f1a How can we help you?+34 941 13 15 50nasika@nasika.esBy planeBilbao International Airport The Bilbao International Airport connects with various European cities, including Amsterdam, Berlin, Brussels, Dublin, Dusseldorf, Istanbul, Geneva, Lisbon, London (Heathrow and Stansted), Manchester, Milan, Munich, Oslo, Paris (Charles De [&hellip;]","og_url":"https:\/\/nasika.es\/en\/contact\/","og_site_name":"Nasika Products","article_modified_time":"2024-01-23T13:57:27+00:00","twitter_card":"summary_large_image","twitter_misc":{"Est. reading time":"3 minutes"},"schema":{"@context":"https:\/\/schema.org","@graph":[{"@type":"WebPage","@id":"https:\/\/nasika.es\/en\/contact\/","url":"https:\/\/nasika.es\/en\/contact\/","name":"Contact - Nasika Products","isPartOf":{"@id":"https:\/\/nasika.es\/#website"},"datePublished":"2024-01-23T09:37:40+00:00","dateModified":"2024-01-23T13:57:27+00:00","breadcrumb":{"@id":"https:\/\/nasika.es\/en\/contact\/#breadcrumb"},"inLanguage":"en-US","potentialAction":[{"@type":"ReadAction","target":["https:\/\/nasika.es\/en\/contact\/"]}]},{"@type":"BreadcrumbList","@id":"https:\/\/nasika.es\/en\/contact\/#breadcrumb","itemListElement":[{"@type":"ListItem","position":1,"name":"Portada","item":"https:\/\/nasika.es\/en\/"},{"@type":"ListItem","position":2,"name":"Contact"}]},{"@type":"WebSite","@id":"https:\/\/nasika.es\/#website","url":"https:\/\/nasika.es\/","name":"Nasika Products","description":"Predispersados","potentialAction":[{"@type":"SearchAction","target":{"@type":"EntryPoint","urlTemplate":"https:\/\/nasika.es\/?s={search_term_string}"},"query-input":{"@type":"PropertyValueSpecification","valueRequired":true,"valueName":"search_term_string"}}],"inLanguage":"en-US"}]}},"_links":{"self":[{"href":"https:\/\/nasika.es\/en\/wp-json\/wp\/v2\/pages\/3481","targetHints":{"allow":["GET"]}}],"collection":[{"href":"https:\/\/nasika.es\/en\/wp-json\/wp\/v2\/pages"}],"about":[{"href":"https:\/\/nasika.es\/en\/wp-json\/wp\/v2\/types\/page"}],"author":[{"embeddable":true,"href":"https:\/\/nasika.es\/en\/wp-json\/wp\/v2\/users\/3"}],"replies":[{"embeddable":true,"href":"https:\/\/nasika.es\/en\/wp-json\/wp\/v2\/comments?post=3481"}],"version-history":[{"count":7,"href":"https:\/\/nasika.es\/en\/wp-json\/wp\/v2\/pages\/3481\/revisions"}],"predecessor-version":[{"id":3499,"href":"https:\/\/nasika.es\/en\/wp-json\/wp\/v2\/pages\/3481\/revisions\/3499"}],"wp:attachment":[{"href":"https:\/\/nasika.es\/en\/wp-json\/wp\/v2\/media?parent=3481"}],"curies":[{"name":"wp","href":"https:\/\/api.w.org\/{rel}","templated":true}]}}